{"id":434,"date":"2020-10-03T14:51:34","date_gmt":"2020-10-03T14:51:34","guid":{"rendered":"http:\/\/demo.athemes.com\/sp-plumber\/?page_id=13"},"modified":"2023-07-07T14:26:40","modified_gmt":"2023-07-07T17:26:40","slug":"pricing","status":"publish","type":"page","link":"https:\/\/pousadadasaguaspiratuba.com.br\/?page_id=434","title":{"rendered":"Pol\u00edticas"},"content":{"rendered":"\t\t<div data-elementor-type=\"wp-page\" data-elementor-id=\"434\" class=\"elementor elementor-434\">\n\t\t\t\t\t\t\t\t\t<section class=\"elementor-section elementor-top-section elementor-element elementor-element-41434fe elementor-section-boxed elementor-section-height-default elementor-section-height-default\" data-id=\"41434fe\" data-element_type=\"section\" data-settings=\"{&quot;background_background&quot;:&quot;classic&quot;}\">\n\t\t\t\t\t\t\t<div class=\"elementor-background-overlay\"><\/div>\n\t\t\t\t\t\t\t<div class=\"elementor-container elementor-column-gap-default\">\n\t\t\t\t\t<div class=\"elementor-column elementor-col-100 elementor-top-column elementor-element elementor-element-9511881\" data-id=\"9511881\" data-element_type=\"column\">\n\t\t\t<div class=\"elementor-widget-wrap elementor-element-populated\">\n\t\t\t\t\t\t\t\t<div class=\"elementor-element elementor-element-192e559 elementor-widget elementor-widget-heading\" data-id=\"192e559\" data-element_type=\"widget\" data-widget_type=\"heading.default\">\n\t\t\t\t<div class=\"elementor-widget-container\">\n\t\t\t<style>\/*! elementor - v3.14.0 - 26-06-2023 *\/\n.elementor-heading-title{padding:0;margin:0;line-height:1}.elementor-widget-heading .elementor-heading-title[class*=elementor-size-]>a{color:inherit;font-size:inherit;line-height:inherit}.elementor-widget-heading .elementor-heading-title.elementor-size-small{font-size:15px}.elementor-widget-heading .elementor-heading-title.elementor-size-medium{font-size:19px}.elementor-widget-heading .elementor-heading-title.elementor-size-large{font-size:29px}.elementor-widget-heading .elementor-heading-title.elementor-size-xl{font-size:39px}.elementor-widget-heading .elementor-heading-title.elementor-size-xxl{font-size:59px}<\/style><h2 class=\"elementor-heading-title elementor-size-default\">Pol\u00edticas de cr\u00e9dito e cancelamentos<\/h2>\t\t<\/div>\n\t\t\t\t<\/div>\n\t\t\t\t\t<\/div>\n\t\t<\/div>\n\t\t\t\t\t\t\t<\/div>\n\t\t<\/section>\n\t\t\t\t<section class=\"elementor-section elementor-top-section elementor-element elementor-element-378b191 elementor-section-boxed elementor-section-height-default elementor-section-height-default\" data-id=\"378b191\" data-element_type=\"section\" data-settings=\"{&quot;background_background&quot;:&quot;classic&quot;}\">\n\t\t\t\t\t\t<div class=\"elementor-container elementor-column-gap-default\">\n\t\t\t\t\t<div class=\"elementor-column elementor-col-100 elementor-top-column elementor-element elementor-element-81fc80f\" data-id=\"81fc80f\" data-element_type=\"column\">\n\t\t\t<div class=\"elementor-widget-wrap elementor-element-populated\">\n\t\t\t\t\t\t\t\t<div class=\"elementor-element elementor-element-94ae3f9 elementor-widget elementor-widget-heading\" data-id=\"94ae3f9\" data-element_type=\"widget\" data-widget_type=\"heading.default\">\n\t\t\t\t<div class=\"elementor-widget-container\">\n\t\t\t<h2 class=\"elementor-heading-title elementor-size-default\">Pol\u00edticas de cr\u00e9dito e cancelamentos<br><\/h2>\t\t<\/div>\n\t\t\t\t<\/div>\n\t\t\t\t<div class=\"elementor-element elementor-element-4f0c44a elementor-widget elementor-widget-text-editor\" data-id=\"4f0c44a\" data-element_type=\"widget\" data-widget_type=\"text-editor.default\">\n\t\t\t\t<div class=\"elementor-widget-container\">\n\t\t\t<style>\/*! elementor - v3.14.0 - 26-06-2023 *\/\n.elementor-widget-text-editor.elementor-drop-cap-view-stacked .elementor-drop-cap{background-color:#69727d;color:#fff}.elementor-widget-text-editor.elementor-drop-cap-view-framed .elementor-drop-cap{color:#69727d;border:3px solid;background-color:transparent}.elementor-widget-text-editor:not(.elementor-drop-cap-view-default) .elementor-drop-cap{margin-top:8px}.elementor-widget-text-editor:not(.elementor-drop-cap-view-default) .elementor-drop-cap-letter{width:1em;height:1em}.elementor-widget-text-editor .elementor-drop-cap{float:left;text-align:center;line-height:1;font-size:50px}.elementor-widget-text-editor .elementor-drop-cap-letter{display:inline-block}<\/style>\t\t\t\t<h2><br><\/h2><h2><span style=\"color: var(--sydney-headings-color);\">POL\u00cdTICA DE RESERVA E HOSPEDAGEM DA POUSADA<\/span><br><\/h2>\n<h3>I. PRE\u00c2MBULO<\/h3>\n<p>1. Antes de solicitar servi\u00e7os, os clientes declaram que a reserva dos servi\u00e7os \u00e9 para o seu uso pr\u00f3prio pessoal.<br>2. Como consumidores, os clientes t\u00eam direitos espec\u00edficos, que seriam postos em causa na hip\u00f3tese de os servi\u00e7os reservados serem usados para a finalidade das atividades comercial, industrial, de neg\u00f3cios, profissional ou agr\u00edcola.<br>3. Os clientes confirmam que possuem plena capacidade jur\u00eddica para se comprometer com os termos e condi\u00e7\u00f5es.<br>5. Os clientes concordam com os termos de uso e condi\u00e7\u00f5es de venda da tarifa reservada no momento da reserva, pois declaram-se cientes de que nenhuma reserva \u00e9 poss\u00edvel sem essa concord\u00e2ncia.<br>6. Todas as reservas feitas implicam na consulta e aceita\u00e7\u00e3o integral e sem reservas dos termos e condi\u00e7\u00f5es, bem como das condi\u00e7\u00f5es de venda para a tarifa reservada.<\/p>\n<h3>II. SOBRE NOSSA POL\u00cdTICA DE CADASTRO NO CHECK IN<\/h3>\n<p>Devido \u00e0s exig\u00eancias do Decreto 6.022 de 22 de Janeiro de 2007, para efetuar o seu check in \u00e9 necess\u00e1rio que os dados principais da ficha de hospedagem sejam preenchidos adequadamente.<br>Estes dados s\u00e3o: Nome Completo, CPF (Passaporte no caso de estrangeiros), documento de identidade, endere\u00e7o completo, telefone com DDD e e-mail.<\/p>\n<h3>III. CONDI\u00c7\u00d5ES GERAIS<\/h3>\n<p>1. Os apartamentos previamente reservados estar\u00e3o dispon\u00edveis partir das 15:00 horas no dia de check-in;<br>2. O hor\u00e1rio de check out dos apartamentos ser\u00e1 \u00e1s 11:30 horas no dia da sa\u00edda, eventual viola\u00e7\u00e3o deste limite poder\u00e1 ensejar a cobran\u00e7a de uma di\u00e1ria adicional;<br>3. N\u00e3o s\u00e3o admitidos animais, independentemente do porte e\/ou da esp\u00e9cie, nas depend\u00eancias do hotel;<br>4. As imagens apresentadas no site e nos demais documentos veiculados s\u00e3o ilustrativas e podem apresentar varia\u00e7\u00f5es em rela\u00e7\u00e3o a decora\u00e7\u00e3o das depend\u00eancias que ser\u00e3o disponibilizadas e apresentadas aos hospedes, em especial, quanto as dimens\u00f5es e as disposi\u00e7\u00f5es dos moveis, n\u00e3o implicando em perda ou redu\u00e7\u00e3o na qualidade dos bens e servi\u00e7os disponibilizados;<br>5. Todos os ambientes e \u00e1reas de uso comum do hotel s\u00e3o destinadas a N\u00c3O FUMANTES, inclusive \u00e9 proibido uso de cigarros, cigarrilhas, charutos, cachimbos, cigarros eletr\u00f4nicos ou qualquer outro produto fum\u00edgeno, derivado ou n\u00e3o do tabaco, seja nas \u00e1reas sociais ou na \u00e1rea dos apartamentos, e uma vez detectada tal pratica a unidade ser\u00e1 lacrada para higieniza\u00e7\u00e3o intensa com a cobran\u00e7a do valor equivalente a uma di\u00e1ria da unidade lacrada para o custeio dos servi\u00e7os de higieniza\u00e7\u00e3o;<br>6. Disponibilizamos vagas de garagens em n\u00famero limitado e sem custo adicional para os hospedes, mas n\u00e3o nos responsabilizamos pelos mesmos e objetos deixados no interior do ve\u00edculo e nem s\u00e3o efetuadas reservas de vagas especificas, sendo que o uso oferta est\u00e1 sujeito a disponibilidade no momento do check in;<br>7. Os h\u00f3spedes ser\u00e3o respons\u00e1veis por qualquer dano causado ao hotel, responsabilizando-se pelo custo de ressarcimento \u00e0 propriedade caso haja preju\u00edzo financeiro.<\/p>\n<h3>IV. POL\u00cdTICA DE RESERVAS<\/h3>\n<p>1. As tarifas informadas podem variar SEM PR\u00c9VIO AVISO de acordo com a disponibilidade das unidades em per\u00edodos de alta e baixa temporadas, em feridos e eventos oferecidos pelo hotel, raz\u00e3o pela qual o valor da tarifa deve ser confirmado mediante consulta junto a central de reservas;<\/p>\n<p>3. Todas as reservas est\u00e3o sujeitas a confirma\u00e7\u00e3o mediante ao pagamento antecipado do valor equivalente a 50% do valor total da reserva efetuada.&nbsp;<\/p>\n<p>O pagamento deve ser efetuado mediante a transfer\u00eancia via PIX e o comprovante de deve ser obrigatoriamente encaminhado via whatsapp (49) 3553-0221.<\/p>\n<p>4. \u00c9 obriga\u00e7\u00e3o do contratante a guarda da via original do comprovante de dep\u00f3sito e do comprovante de encaminhamento do referido documento pro um dos m\u00e9todos acima, pois tais documentos devem ser apresentados no momento do check in;<\/p>\n<h3>V. POL\u00cdTICA DE CANCELAMENTO<\/h3>\n<p>1. Reservas efetuadas junto a central de reservas podem ser canceladas ou prorrogadas em at\u00e9 07 (sete) dias contados da realiza\u00e7\u00e3o, desde que com no m\u00ednimo 72 (setenta e duas) horas de antecedia da data prevista para o check in;<\/p>\n<p>2. Reservas realizadas diretamente no balc\u00e3o e de forma presencial n\u00e3o est\u00e3o sujeitas o cancelamento, raz\u00e3o pela qual o valor exigido e pago por ocasi\u00e3o da confirma\u00e7\u00e3o n\u00e3o ser\u00e1 pass\u00edvel de restitui\u00e7\u00e3o;<\/p>\n<p>3. Cancelamentos ou prorroga\u00e7\u00f5es realizadas em desacordo com as regras aqui estabelecidas resultaram na reten\u00e7\u00e3o do pagamento antecipado a t\u00edtulo de multa por viola\u00e7\u00e3o aos termos de uso dos servi\u00e7os;<\/p>\n<p>4. As regras relativas ao cancelamento de reservas para pacotes com pre\u00e7os e condi\u00e7\u00f5es diferencias para grupos compostos por mais de 15 pessoas s\u00e3o tratadas de acordo com as condi\u00e7\u00f5es da respectiva contrata\u00e7\u00e3o;<\/p>\n<p>5. Em caso de NO SHOW, n\u00e3o comparecimento sem comunica\u00e7\u00e3o pr\u00e9via, a reserva permanecer\u00e1 v\u00e1lida por at\u00e9 24 horas ap\u00f3s o prazo previsto para o check in, sendo que decorrido o referido per\u00edodo a reserva ser\u00e1 cancelada em car\u00e1ter definitivo e o valor pago antecipadamente ser\u00e1 retido t\u00edtulo de multa por viola\u00e7\u00e3o aos termos de uso dos servi\u00e7os;<\/p>\n<p>6. Em caso de atrasos no check in ou antecipa\u00e7\u00f5es de check-out ou por mera conveni\u00eancia ou necessidade do(s) hospedes os valores devidos em decorr\u00eancia da reserva ser\u00e1 devido por completo, sem direito a compensa\u00e7\u00e3o ou restitui\u00e7\u00e3o, ainda que parcial;<\/p>\n<p>7.&nbsp;<strong>POL\u00cdTICA DE CANCELAMENTO AP\u00d3S TER EFETUADO O ADIANTAMENTO<\/strong><br>Aceitamos reserva somente com aceite de tais condi\u00e7\u00f5es:<br>\u2013 At\u00e9 60 dias da data de chegada da reserva: Carta de cr\u00e9dito no valor total do adiantamento.<br>\u2013 Entre 60 e 16 dias da data de chegada da reserva: Carta de cr\u00e9dito no valor de 50% do adiantamento.<br>\u2013 Com 15 dias ou menos da data de chegada da reserva: N\u00e3o haver\u00e1 reembolso, nem t\u00e3o pouco carta de cr\u00e9dito.<\/p>\n<h3>VI. HOSPEDAGEM DE MENORES<\/h3>\n<p>1. N\u00e3o s\u00e3o admitidos menores desacompanhados de seus pais ou respons\u00e1veis na forma da Lei, e, portanto, caso o menor esteja acompanhado apenas de um de seus respons\u00e1veis ser\u00e1 necess\u00e1rio apresentar, no momento do check in, documento de autoriza\u00e7\u00e3o da hospedagem do menor feito por escrito e assinado pelos pais, com firmas reconhecidas em cart\u00f3rio.<br>2. Independentemente de qualquer outra disposi\u00e7\u00e3o todos os menores de 18 (dezoito) anos dever\u00e3o apresentar, no momento do check in, documento com foto que comprove sua identidade e filia\u00e7\u00e3o ainda que acompanhados de seus pa\u00eds. RG ou Certid\u00e3o de Nascimento e passaporte para estrangeiros. A hospedagem de menor estrangeiro deve respeitar as mesmas orienta\u00e7\u00f5es acima e seguir as leis em vigor;<\/p>\n<h3>VII. DISPOSI\u00c7\u00d5ES FINAIS<\/h3>\n<p>1. Quest\u00f5es eventualmente n\u00e3o esclarecidas ou regulamentas nos termos acima devem ser dirigidas a gerencia para esclarecimentos e ser\u00e3o tratadas em observ\u00e2ncias as disposi\u00e7\u00f5es legais vigentes que regulamentam a esp\u00e9cie no territ\u00f3rio nacional.<\/p>\t\t\t\t\t\t<\/div>\n\t\t\t\t<\/div>\n\t\t\t\t\t<\/div>\n\t\t<\/div>\n\t\t\t\t\t\t\t<\/div>\n\t\t<\/section>\n\t\t\t\t\t\t\t<\/div>\n\t\t","protected":false},"excerpt":{"rendered":"<p>Pol\u00edticas de cr\u00e9dito e cancelamentos Pol\u00edticas de cr\u00e9dito e cancelamentos POL\u00cdTICA DE RESERVA E HOSPEDAGEM DA POUSADA I. PRE\u00c2MBULO 1. Antes de solicitar servi\u00e7os, os [&hellip;]<\/p>\n","protected":false},"author":1,"featured_media":0,"parent":0,"menu_order":0,"comment_status":"closed","ping_status":"closed","template":"page-templates\/page_front-page.php","meta":[],"aioseo_notices":[],"_links":{"self":[{"href":"https:\/\/pousadadasaguaspiratuba.com.br\/index.php?rest_route=\/wp\/v2\/pages\/434"}],"collection":[{"href":"https:\/\/pousadadasaguaspiratuba.com.br\/index.php?rest_route=\/wp\/v2\/pages"}],"about":[{"href":"https:\/\/pousadadasaguaspiratuba.com.br\/index.php?rest_route=\/wp\/v2\/types\/page"}],"author":[{"embeddable":true,"href":"https:\/\/pousadadasaguaspiratuba.com.br\/index.php?rest_route=\/wp\/v2\/users\/1"}],"replies":[{"embeddable":true,"href":"https:\/\/pousadadasaguaspiratuba.com.br\/index.php?rest_route=%2Fwp%2Fv2%2Fcomments&post=434"}],"version-history":[{"count":17,"href":"https:\/\/pousadadasaguaspiratuba.com.br\/index.php?rest_route=\/wp\/v2\/pages\/434\/revisions"}],"predecessor-version":[{"id":811,"href":"https:\/\/pousadadasaguaspiratuba.com.br\/index.php?rest_route=\/wp\/v2\/pages\/434\/revisions\/811"}],"wp:attachment":[{"href":"https:\/\/pousadadasaguaspiratuba.com.br\/index.php?rest_route=%2Fwp%2Fv2%2Fmedia&parent=434"}],"curies":[{"name":"wp","href":"https:\/\/api.w.org\/{rel}","templated":true}]}}